{"id":7,"date":"2021-06-24T12:06:21","date_gmt":"2021-06-24T10:06:21","guid":{"rendered":"https:\/\/lyon-academie.com\/salon-1\/?page_id=7"},"modified":"2021-07-13T16:13:26","modified_gmt":"2021-07-13T14:13:26","slug":"votre-reunion","status":"publish","type":"page","link":"https:\/\/lyon-academie.com\/salon-3\/","title":{"rendered":"Votre R\u00e9union"},"content":{"rendered":"\n<div style=\"height:61px\" aria-hidden=\"true\" class=\"wp-block-spacer\"><\/div>\n\n\n\n<h2 class=\"has-text-align-center wp-block-heading\">Wi-Fi<\/h2>\n\n\n\n<p class=\"has-text-align-center\"><strong>R\u00e9seau: <\/strong>Conf\u00e9rence<br><strong>Mot de passe: <\/strong>lyon2019<\/p>\n\n\n\n<div style=\"height:64px\" aria-hidden=\"true\" class=\"wp-block-spacer\"><\/div>\n\n\n\n<div class=\"wp-block-columns is-layout-flex wp-container-core-columns-is-layout-1 wp-block-columns-is-layout-flex\">\n<div class=\"wp-block-column is-layout-flow wp-block-column-is-layout-flow\">\n<div class=\"wp-block-image\"><figure class=\"aligncenter size-large is-resized\"><img decoding=\"async\" src=\"https:\/\/lyon-academie.com\/salon-1\/wp-content\/uploads\/sites\/2\/2021\/07\/Salon-Apothicaire-c-Stephane-ABOUDARAM-WE-ARE-CONTENTs-1-edited-scaled.jpg\" alt=\"\" class=\"wp-image-203\" width=\"254\" srcset=\"https:\/\/lyon-academie.com\/salon-3\/wp-content\/uploads\/sites\/2\/2021\/07\/Salon-Apothicaire-c-Stephane-ABOUDARAM-WE-ARE-CONTENTs-1-edited-scaled.jpg 2560w, https:\/\/lyon-academie.com\/salon-3\/wp-content\/uploads\/sites\/2\/2021\/07\/Salon-Apothicaire-c-Stephane-ABOUDARAM-WE-ARE-CONTENTs-1-edited-300x300.jpg 300w, https:\/\/lyon-academie.com\/salon-3\/wp-content\/uploads\/sites\/2\/2021\/07\/Salon-Apothicaire-c-Stephane-ABOUDARAM-WE-ARE-CONTENTs-1-edited-1024x1024.jpg 1024w, https:\/\/lyon-academie.com\/salon-3\/wp-content\/uploads\/sites\/2\/2021\/07\/Salon-Apothicaire-c-Stephane-ABOUDARAM-WE-ARE-CONTENTs-1-edited-150x150.jpg 150w, https:\/\/lyon-academie.com\/salon-3\/wp-content\/uploads\/sites\/2\/2021\/07\/Salon-Apothicaire-c-Stephane-ABOUDARAM-WE-ARE-CONTENTs-1-edited-768x768.jpg 768w, https:\/\/lyon-academie.com\/salon-3\/wp-content\/uploads\/sites\/2\/2021\/07\/Salon-Apothicaire-c-Stephane-ABOUDARAM-WE-ARE-CONTENTs-1-edited-1536x1536.jpg 1536w, https:\/\/lyon-academie.com\/salon-3\/wp-content\/uploads\/sites\/2\/2021\/07\/Salon-Apothicaire-c-Stephane-ABOUDARAM-WE-ARE-CONTENTs-1-edited-2048x2048.jpg 2048w\" sizes=\"(max-width: 2560px) 100vw, 2560px\" \/><\/figure><\/div>\n\n\n\n<div class=\"wp-block-buttons is-content-justification-center is-layout-flex wp-block-buttons-is-layout-flex\">\n<div class=\"wp-block-button\"><a class=\"wp-block-button__link no-border-radius\" href=\"https:\/\/lyon-academie.com\/salon-3\/presentation\/\">Pr\u00e9sentation<\/a><\/div>\n<\/div>\n<\/div>\n\n\n\n<div class=\"wp-block-column is-layout-flow wp-block-column-is-layout-flow\">\n<div class=\"wp-block-image\"><figure class=\"aligncenter size-large is-resized\"><img decoding=\"async\" src=\"https:\/\/lyon-academie.com\/salon-1\/wp-content\/uploads\/sites\/2\/2021\/07\/Petit-Dome-c-STUDIO-JEAN-PHILIPPE-NUEL_INTERCONTINENTAL-LYON-HOTEL-DIEU_NICOLAS-MATHEUS_DSC_0905-edited.jpg\" alt=\"\" class=\"wp-image-204\" width=\"255\" srcset=\"https:\/\/lyon-academie.com\/salon-3\/wp-content\/uploads\/sites\/2\/2021\/07\/Petit-Dome-c-STUDIO-JEAN-PHILIPPE-NUEL_INTERCONTINENTAL-LYON-HOTEL-DIEU_NICOLAS-MATHEUS_DSC_0905-edited.jpg 994w, https:\/\/lyon-academie.com\/salon-3\/wp-content\/uploads\/sites\/2\/2021\/07\/Petit-Dome-c-STUDIO-JEAN-PHILIPPE-NUEL_INTERCONTINENTAL-LYON-HOTEL-DIEU_NICOLAS-MATHEUS_DSC_0905-edited-298x300.jpg 298w, https:\/\/lyon-academie.com\/salon-3\/wp-content\/uploads\/sites\/2\/2021\/07\/Petit-Dome-c-STUDIO-JEAN-PHILIPPE-NUEL_INTERCONTINENTAL-LYON-HOTEL-DIEU_NICOLAS-MATHEUS_DSC_0905-edited-150x150.jpg 150w, https:\/\/lyon-academie.com\/salon-3\/wp-content\/uploads\/sites\/2\/2021\/07\/Petit-Dome-c-STUDIO-JEAN-PHILIPPE-NUEL_INTERCONTINENTAL-LYON-HOTEL-DIEU_NICOLAS-MATHEUS_DSC_0905-edited-768x773.jpg 768w\" sizes=\"(max-width: 994px) 100vw, 994px\" \/><\/figure><\/div>\n\n\n\n<div class=\"wp-block-buttons is-content-justification-center is-layout-flex wp-block-buttons-is-layout-flex\">\n<div class=\"wp-block-button\"><a class=\"wp-block-button__link no-border-radius\" href=\"https:\/\/lyon-academie.com\/salon-3\/fonctionnement\/\">Fonctionnement de votre Salon<\/a><\/div>\n<\/div>\n<\/div>\n\n\n\n<div class=\"wp-block-column is-layout-flow wp-block-column-is-layout-flow\">\n<div class=\"wp-block-image\"><figure class=\"aligncenter size-large is-resized\"><img loading=\"lazy\" decoding=\"async\" src=\"https:\/\/lyon-academie.com\/salon-1\/wp-content\/uploads\/sites\/2\/2021\/07\/Atelier-LAcademie-cWEARECONTENTS-5-edited-1.jpg\" alt=\"\" class=\"wp-image-209\" width=\"259\" height=\"257\"\/><\/figure><\/div>\n\n\n\n<div class=\"wp-block-buttons is-content-justification-center is-layout-flex wp-block-buttons-is-layout-flex\">\n<div class=\"wp-block-button\"><a class=\"wp-block-button__link no-border-radius\" href=\"https:\/\/lyon-academie.com\/salon-3\/votre-menu\/\">Votre Menu<\/a><\/div>\n<\/div>\n<\/div>\n\n\n\n<div class=\"wp-block-column is-layout-flow wp-block-column-is-layout-flow\">\n<div class=\"wp-block-image\"><figure class=\"aligncenter size-large is-resized\"><img loading=\"lazy\" decoding=\"async\" src=\"https:\/\/lyon-academie.com\/salon-1\/wp-content\/uploads\/sites\/2\/2021\/07\/Soufflot-1-2-3-Cocktail-cWEARECONTENTS-2-edited-1.jpg\" alt=\"\" class=\"wp-image-210\" width=\"258\" height=\"257\" srcset=\"https:\/\/lyon-academie.com\/salon-3\/wp-content\/uploads\/sites\/2\/2021\/07\/Soufflot-1-2-3-Cocktail-cWEARECONTENTS-2-edited-1-300x300.jpg 300w, https:\/\/lyon-academie.com\/salon-3\/wp-content\/uploads\/sites\/2\/2021\/07\/Soufflot-1-2-3-Cocktail-cWEARECONTENTS-2-edited-1-150x150.jpg 150w\" sizes=\"(max-width: 258px) 100vw, 258px\" \/><\/figure><\/div>\n\n\n\n<div class=\"wp-block-buttons is-content-justification-center is-layout-flex wp-block-buttons-is-layout-flex\">\n<div class=\"wp-block-button\"><a class=\"wp-block-button__link no-border-radius\" href=\"https:\/\/lyon-academie.com\/salon-3\/satisfaction\/\">Satisfaction<\/a><\/div>\n<\/div>\n<\/div>\n<\/div>\n\n\n\n<div style=\"height:64px\" aria-hidden=\"true\" class=\"wp-block-spacer\"><\/div>\n\n\n\n<h2 class=\"wp-block-heading\">Contact<\/h2>\n\n\n\n<div style=\"height:30px\" aria-hidden=\"true\" class=\"wp-block-spacer\"><\/div>\n\n\n\n<p class=\"has-text-align-center\">Nous sommes \u00e0 votre disposition tout au long de votre \u00e9v\u00e9nement.<\/p>\n\n\n\n<div style=\"height:14px\" aria-hidden=\"true\" class=\"wp-block-spacer\"><\/div>\n\n\n\n<div class=\"wp-block-columns is-layout-flex wp-container-core-columns-is-layout-2 wp-block-columns-is-layout-flex\">\n<div class=\"wp-block-column is-layout-flow wp-block-column-is-layout-flow\">\n<div class=\"wp-block-image\"><figure class=\"aligncenter size-large is-resized\"><img loading=\"lazy\" decoding=\"async\" src=\"https:\/\/lyon-academie.com\/salon-1\/wp-content\/uploads\/sites\/2\/2021\/07\/Guillaume-Gaudry-1024x1024.jpg\" alt=\"\" class=\"wp-image-156\" width=\"324\" height=\"324\" srcset=\"https:\/\/lyon-academie.com\/salon-3\/wp-content\/uploads\/sites\/2\/2021\/07\/Guillaume-Gaudry-1024x1024.jpg 1024w, https:\/\/lyon-academie.com\/salon-3\/wp-content\/uploads\/sites\/2\/2021\/07\/Guillaume-Gaudry-300x300.jpg 300w, https:\/\/lyon-academie.com\/salon-3\/wp-content\/uploads\/sites\/2\/2021\/07\/Guillaume-Gaudry-150x150.jpg 150w, https:\/\/lyon-academie.com\/salon-3\/wp-content\/uploads\/sites\/2\/2021\/07\/Guillaume-Gaudry-768x768.jpg 768w, https:\/\/lyon-academie.com\/salon-3\/wp-content\/uploads\/sites\/2\/2021\/07\/Guillaume-Gaudry-1536x1536.jpg 1536w, https:\/\/lyon-academie.com\/salon-3\/wp-content\/uploads\/sites\/2\/2021\/07\/Guillaume-Gaudry-2048x2048.jpg 2048w\" sizes=\"(max-width: 324px) 100vw, 324px\" \/><\/figure><\/div>\n\n\n\n<h3 class=\"has-text-align-center wp-block-heading\">Guillaume Gaudry <\/h3>\n\n\n\n<p class=\"has-text-align-center\">+33 (0)4 26 99 23 36 <\/p>\n\n\n\n<p class=\"has-text-align-center\"><a rel=\"noreferrer noopener\" href=\"mailto:guillaume.gaudry@ihg.com\" target=\"_blank\">guillaume.gaudry@ihg.com<\/a><\/p>\n<\/div>\n\n\n\n<div class=\"wp-block-column is-layout-flow wp-block-column-is-layout-flow\">\n<div class=\"wp-block-image\"><figure class=\"aligncenter size-large is-resized\"><img loading=\"lazy\" decoding=\"async\" src=\"https:\/\/lyon-academie.com\/salon-1\/wp-content\/uploads\/sites\/2\/2021\/07\/Marina-Welsch-1024x1024.jpg\" alt=\"\" class=\"wp-image-157\" width=\"325\" height=\"325\" srcset=\"https:\/\/lyon-academie.com\/salon-3\/wp-content\/uploads\/sites\/2\/2021\/07\/Marina-Welsch-1024x1024.jpg 1024w, https:\/\/lyon-academie.com\/salon-3\/wp-content\/uploads\/sites\/2\/2021\/07\/Marina-Welsch-300x300.jpg 300w, https:\/\/lyon-academie.com\/salon-3\/wp-content\/uploads\/sites\/2\/2021\/07\/Marina-Welsch-150x150.jpg 150w, https:\/\/lyon-academie.com\/salon-3\/wp-content\/uploads\/sites\/2\/2021\/07\/Marina-Welsch-768x768.jpg 768w, https:\/\/lyon-academie.com\/salon-3\/wp-content\/uploads\/sites\/2\/2021\/07\/Marina-Welsch.jpg 1414w\" sizes=\"(max-width: 325px) 100vw, 325px\" \/><\/figure><\/div>\n\n\n\n<h3 class=\"has-text-align-center wp-block-heading\">Marina Welsch<\/h3>\n\n\n\n<p class=\"has-text-align-center\">+33 (0)4 26 99 24 00 <\/p>\n\n\n\n<p class=\"has-text-align-center\"><a rel=\"noreferrer noopener\" href=\"mailto:marina.welsch@ihg.com\" target=\"_blank\">marina.welsch@ihg.com<\/a><\/p>\n<\/div>\n<\/div>\n\n\n\n<div style=\"height:64px\" aria-hidden=\"true\" class=\"wp-block-spacer\"><\/div>\n\n\n\n<h2 class=\"wp-block-heading\">Mesures sanitaires<\/h2>\n\n\n\n<div style=\"height:30px\" aria-hidden=\"true\" class=\"wp-block-spacer\"><\/div>\n\n\n\n<figure class=\"wp-block-embed aligncenter is-type-video is-provider-youtube wp-block-embed-youtube wp-embed-aspect-16-9 wp-has-aspect-ratio\"><div class=\"wp-block-embed__wrapper\">\n<iframe loading=\"lazy\" title=\"L&#039;Acad\u00e9mie by InterContinental | Mesures sanitaires\" width=\"500\" height=\"281\" src=\"https:\/\/www.youtube.com\/embed\/p2wIM048uMw?feature=oembed\" frameborder=\"0\" allow=\"accelerometer; autoplay; clipboard-write; encrypted-media; gyroscope; picture-in-picture; web-share\" referrerpolicy=\"strict-origin-when-cross-origin\" allowfullscreen><\/iframe> \n<\/div><\/figure>\n\n\n\n<div style=\"height:64px\" aria-hidden=\"true\" class=\"wp-block-spacer\"><\/div>\n\n\n\n<p><\/p>\n","protected":false},"excerpt":{"rendered":"<p>Wi-Fi R\u00e9seau: Conf\u00e9renceMot de passe: lyon2019 Contact Nous sommes \u00e0 votre disposition tout au long de votre \u00e9v\u00e9nement. Guillaume Gaudry +33 (0)4 26 99 23 36 guillaume.gaudry@ihg.com Marina Welsch +33 (0)4 26 99 24 00 marina.welsch@ihg.com Mesures sanitaires<\/p>\n","protected":false},"author":1,"featured_media":160,"parent":0,"menu_order":0,"comment_status":"closed","ping_status":"closed","template":"","meta":{"footnotes":""},"_links":{"self":[{"href":"https:\/\/lyon-academie.com\/salon-3\/wp-json\/wp\/v2\/pages\/7"}],"collection":[{"href":"https:\/\/lyon-academie.com\/salon-3\/wp-json\/wp\/v2\/pages"}],"about":[{"href":"https:\/\/lyon-academie.com\/salon-3\/wp-json\/wp\/v2\/types\/page"}],"author":[{"embeddable":true,"href":"https:\/\/lyon-academie.com\/salon-3\/wp-json\/wp\/v2\/users\/1"}],"replies":[{"embeddable":true,"href":"https:\/\/lyon-academie.com\/salon-3\/wp-json\/wp\/v2\/comments?post=7"}],"version-history":[{"count":2,"href":"https:\/\/lyon-academie.com\/salon-3\/wp-json\/wp\/v2\/pages\/7\/revisions"}],"predecessor-version":[{"id":157,"href":"https:\/\/lyon-academie.com\/salon-3\/wp-json\/wp\/v2\/pages\/7\/revisions\/157"}],"wp:featuredmedia":[{"embeddable":true,"href":"https:\/\/lyon-academie.com\/salon-3\/wp-json\/"}],"wp:attachment":[{"href":"https:\/\/lyon-academie.com\/salon-3\/wp-json\/wp\/v2\/media?parent=7"}],"curies":[{"name":"wp","href":"https:\/\/api.w.org\/{rel}","templated":true}]}}