{"id":99,"date":"2021-06-25T09:46:49","date_gmt":"2021-06-25T07:46:49","guid":{"rendered":"https:\/\/lyon-academie.com\/salon-1\/?page_id=99"},"modified":"2021-06-25T09:46:49","modified_gmt":"2021-06-25T07:46:49","slug":"satisfaction","status":"publish","type":"page","link":"https:\/\/lyon-academie.com\/salon-5\/satisfaction\/","title":{"rendered":"Satisfaction"},"content":{"rendered":"<script type=\"text\/javascript\">var gform;gform||(document.addEventListener(\"gform_main_scripts_loaded\",function(){gform.scriptsLoaded=!0}),window.addEventListener(\"DOMContentLoaded\",function(){gform.domLoaded=!0}),gform={domLoaded:!1,scriptsLoaded:!1,initializeOnLoaded:function(o){gform.domLoaded&&gform.scriptsLoaded?o():!gform.domLoaded&&gform.scriptsLoaded?window.addEventListener(\"DOMContentLoaded\",o):document.addEventListener(\"gform_main_scripts_loaded\",o)},hooks:{action:{},filter:{}},addAction:function(o,n,r,t){gform.addHook(\"action\",o,n,r,t)},addFilter:function(o,n,r,t){gform.addHook(\"filter\",o,n,r,t)},doAction:function(o){gform.doHook(\"action\",o,arguments)},applyFilters:function(o){return gform.doHook(\"filter\",o,arguments)},removeAction:function(o,n){gform.removeHook(\"action\",o,n)},removeFilter:function(o,n,r){gform.removeHook(\"filter\",o,n,r)},addHook:function(o,n,r,t,i){null==gform.hooks[o][n]&&(gform.hooks[o][n]=[]);var e=gform.hooks[o][n];null==i&&(i=n+\"_\"+e.length),gform.hooks[o][n].push({tag:i,callable:r,priority:t=null==t?10:t})},doHook:function(n,o,r){var t;if(r=Array.prototype.slice.call(r,1),null!=gform.hooks[n][o]&&((o=gform.hooks[n][o]).sort(function(o,n){return o.priority-n.priority}),o.forEach(function(o){\"function\"!=typeof(t=o.callable)&&(t=window[t]),\"action\"==n?t.apply(null,r):r[0]=t.apply(null,r)})),\"filter\"==n)return r[0]},removeHook:function(o,n,t,i){var r;null!=gform.hooks[o][n]&&(r=(r=gform.hooks[o][n]).filter(function(o,n,r){return!!(null!=i&&i!=o.tag||null!=t&&t!=o.priority)}),gform.hooks[o][n]=r)}});<\/script>\n                <div class='gf_browser_gecko gform_wrapper gravity-theme form-satisfaction_wrapper' id='gform_wrapper_1' >\n                        <div class='gform_heading'>\n                            <span class='gform_description'>Merci de nous accorder quelques instants pour noter votre satisfaction.<\/span>\n                        <\/div><form method='post' enctype='multipart\/form-data'  id='gform_1' class='form-satisfaction' action='\/salon-5\/wp-json\/wp\/v2\/pages\/99' novalidate>\n                        <div class='gform_body gform-body'><div id='gform_fields_1' class='gform_fields top_label form_sublabel_below description_below'><fieldset id=\"field_1_1\" class=\"gfield notation-satisfaction gfield_contains_required field_sublabel_below field_description_below gfield_visibility_visible gsurvey-survey-field \"  data-field-class=\"gsurvey-survey-field\"><legend class='gfield_label'  >Comment avez-vous trouv\u00e9 l&#039;accueil au sein de L&#039;Acad\u00e9mie by InterContinental\u00ae ?<span class=\"gfield_required\"><span class=\"gfield_required gfield_required_text\">(N\u00e9cessaire)<\/span><\/span><\/legend><div class='ginput_container ginput_container_radio'><div class='gfield_radio' id='input_1_1'>\n\t\t\t<div class='gchoice gchoice_1_1_0'>\n\t\t\t\t\t<input class='gfield-choice-input' name='input_1' type='radio' value='gsurvey18269f050'  id='choice_1_1_0' onchange='gformToggleRadioOther( this )'    \/>\n\t\t\t\t\t<label for='choice_1_1_0' id='label_1_1_0'>1<\/label>\n\t\t\t<\/div>\n\t\t\t<div class='gchoice gchoice_1_1_1'>\n\t\t\t\t\t<input class='gfield-choice-input' name='input_1' type='radio' value='gsurvey154a1151e'  id='choice_1_1_1' onchange='gformToggleRadioOther( this )'    \/>\n\t\t\t\t\t<label for='choice_1_1_1' id='label_1_1_1'>2<\/label>\n\t\t\t<\/div>\n\t\t\t<div class='gchoice gchoice_1_1_2'>\n\t\t\t\t\t<input class='gfield-choice-input' name='input_1' type='radio' value='gsurvey1ddabaeef'  id='choice_1_1_2' onchange='gformToggleRadioOther( this )'    \/>\n\t\t\t\t\t<label for='choice_1_1_2' id='label_1_1_2'>3<\/label>\n\t\t\t<\/div>\n\t\t\t<div class='gchoice gchoice_1_1_3'>\n\t\t\t\t\t<input class='gfield-choice-input' name='input_1' type='radio' value='gsurvey1dd385a67'  id='choice_1_1_3' onchange='gformToggleRadioOther( this )'    \/>\n\t\t\t\t\t<label for='choice_1_1_3' id='label_1_1_3'>4<\/label>\n\t\t\t<\/div>\n\t\t\t<div class='gchoice gchoice_1_1_4'>\n\t\t\t\t\t<input class='gfield-choice-input' name='input_1' type='radio' value='gsurvey1e1d0b64c'  id='choice_1_1_4' onchange='gformToggleRadioOther( this )'    \/>\n\t\t\t\t\t<label for='choice_1_1_4' id='label_1_1_4'>5<\/label>\n\t\t\t<\/div>\n\t\t\t<div class='gchoice gchoice_1_1_5'>\n\t\t\t\t\t<input class='gfield-choice-input' name='input_1' type='radio' value='gsurvey1757eeb79'  id='choice_1_1_5' onchange='gformToggleRadioOther( this )'    \/>\n\t\t\t\t\t<label for='choice_1_1_5' id='label_1_1_5'>6<\/label>\n\t\t\t<\/div>\n\t\t\t<div class='gchoice gchoice_1_1_6'>\n\t\t\t\t\t<input class='gfield-choice-input' name='input_1' type='radio' value='gsurvey1ea51e6b8'  id='choice_1_1_6' onchange='gformToggleRadioOther( this )'    \/>\n\t\t\t\t\t<label for='choice_1_1_6' id='label_1_1_6'>7<\/label>\n\t\t\t<\/div>\n\t\t\t<div class='gchoice gchoice_1_1_7'>\n\t\t\t\t\t<input class='gfield-choice-input' name='input_1' type='radio' value='gsurvey1abd51848'  id='choice_1_1_7' onchange='gformToggleRadioOther( this )'    \/>\n\t\t\t\t\t<label for='choice_1_1_7' id='label_1_1_7'>8<\/label>\n\t\t\t<\/div>\n\t\t\t<div class='gchoice gchoice_1_1_8'>\n\t\t\t\t\t<input class='gfield-choice-input' name='input_1' type='radio' value='gsurvey1258bdd70'  id='choice_1_1_8' onchange='gformToggleRadioOther( this )'    \/>\n\t\t\t\t\t<label for='choice_1_1_8' id='label_1_1_8'>9<\/label>\n\t\t\t<\/div>\n\t\t\t<div class='gchoice gchoice_1_1_9'>\n\t\t\t\t\t<input class='gfield-choice-input' name='input_1' type='radio' value='gsurvey1d9dbc919'  id='choice_1_1_9' onchange='gformToggleRadioOther( this )'    \/>\n\t\t\t\t\t<label for='choice_1_1_9' id='label_1_1_9'>10<\/label>\n\t\t\t<\/div><\/div><\/div><\/fieldset><div id=\"field_1_4\" class=\"gfield gsection field_sublabel_below field_description_below gfield_visibility_visible\" ><h3 class=\"gsection_title\">Restauration<\/h3><\/div><fieldset id=\"field_1_2\" class=\"gfield gfield--width-full notation-satisfaction gfield_contains_required field_sublabel_below field_description_below gfield_visibility_visible gsurvey-survey-field \"  data-field-class=\"gsurvey-survey-field\"><legend class='gfield_label'  >Comment avez-vous trouv\u00e9 la restauration au sein de L&#039;Acad\u00e9mie by InterContinental\u00ae?<span class=\"gfield_required\"><span class=\"gfield_required gfield_required_text\">(N\u00e9cessaire)<\/span><\/span><\/legend><div class='ginput_container ginput_container_radio'><div class='gfield_radio' id='input_1_2'>\n\t\t\t<div class='gchoice gchoice_1_2_0'>\n\t\t\t\t\t<input class='gfield-choice-input' name='input_2' type='radio' value='gsurvey18269f050'  id='choice_1_2_0' onchange='gformToggleRadioOther( this )'    \/>\n\t\t\t\t\t<label for='choice_1_2_0' id='label_1_2_0'>1<\/label>\n\t\t\t<\/div>\n\t\t\t<div class='gchoice gchoice_1_2_1'>\n\t\t\t\t\t<input class='gfield-choice-input' name='input_2' type='radio' value='gsurvey154a1151e'  id='choice_1_2_1' onchange='gformToggleRadioOther( this )'    \/>\n\t\t\t\t\t<label for='choice_1_2_1' id='label_1_2_1'>2<\/label>\n\t\t\t<\/div>\n\t\t\t<div class='gchoice gchoice_1_2_2'>\n\t\t\t\t\t<input class='gfield-choice-input' name='input_2' type='radio' value='gsurvey1ddabaeef'  id='choice_1_2_2' onchange='gformToggleRadioOther( this )'    \/>\n\t\t\t\t\t<label for='choice_1_2_2' id='label_1_2_2'>3<\/label>\n\t\t\t<\/div>\n\t\t\t<div class='gchoice gchoice_1_2_3'>\n\t\t\t\t\t<input class='gfield-choice-input' name='input_2' type='radio' value='gsurvey1dd385a67'  id='choice_1_2_3' onchange='gformToggleRadioOther( this )'    \/>\n\t\t\t\t\t<label for='choice_1_2_3' id='label_1_2_3'>4<\/label>\n\t\t\t<\/div>\n\t\t\t<div class='gchoice gchoice_1_2_4'>\n\t\t\t\t\t<input class='gfield-choice-input' name='input_2' type='radio' value='gsurvey1e1d0b64c'  id='choice_1_2_4' onchange='gformToggleRadioOther( this )'    \/>\n\t\t\t\t\t<label for='choice_1_2_4' id='label_1_2_4'>5<\/label>\n\t\t\t<\/div>\n\t\t\t<div class='gchoice gchoice_1_2_5'>\n\t\t\t\t\t<input class='gfield-choice-input' name='input_2' type='radio' value='gsurvey1757eeb79'  id='choice_1_2_5' onchange='gformToggleRadioOther( this )'    \/>\n\t\t\t\t\t<label for='choice_1_2_5' id='label_1_2_5'>6<\/label>\n\t\t\t<\/div>\n\t\t\t<div class='gchoice gchoice_1_2_6'>\n\t\t\t\t\t<input class='gfield-choice-input' name='input_2' type='radio' value='gsurvey1ea51e6b8'  id='choice_1_2_6' onchange='gformToggleRadioOther( this )'    \/>\n\t\t\t\t\t<label for='choice_1_2_6' id='label_1_2_6'>7<\/label>\n\t\t\t<\/div>\n\t\t\t<div class='gchoice gchoice_1_2_7'>\n\t\t\t\t\t<input class='gfield-choice-input' name='input_2' type='radio' value='gsurvey1abd51848'  id='choice_1_2_7' onchange='gformToggleRadioOther( this )'    \/>\n\t\t\t\t\t<label for='choice_1_2_7' id='label_1_2_7'>8<\/label>\n\t\t\t<\/div>\n\t\t\t<div class='gchoice gchoice_1_2_8'>\n\t\t\t\t\t<input class='gfield-choice-input' name='input_2' type='radio' value='gsurvey1258bdd70'  id='choice_1_2_8' onchange='gformToggleRadioOther( this )'    \/>\n\t\t\t\t\t<label for='choice_1_2_8' id='label_1_2_8'>9<\/label>\n\t\t\t<\/div>\n\t\t\t<div class='gchoice gchoice_1_2_9'>\n\t\t\t\t\t<input class='gfield-choice-input' name='input_2' type='radio' value='gsurvey1d9dbc919'  id='choice_1_2_9' onchange='gformToggleRadioOther( this )'    \/>\n\t\t\t\t\t<label for='choice_1_2_9' id='label_1_2_9'>10<\/label>\n\t\t\t<\/div><\/div><\/div><\/fieldset><div id=\"field_1_3\" class=\"gfield gfield--width-full field_sublabel_below field_description_below gfield_visibility_visible gsurvey-survey-field \"  data-field-class=\"gsurvey-survey-field\"><label class='gfield_label' for='input_1_3' >Avez-vous des remarques concernant la restauration?<\/label><div class='ginput_container ginput_container_text'><input name='input_3' id='input_1_3' type='text' value='' class='medium'  aria-describedby=\"input_1_3_desc\"    aria-invalid=\"false\"   \/> <\/div><\/div><div id=\"field_1_5\" class=\"gfield gsection field_sublabel_below field_description_below gfield_visibility_visible\" ><h3 class=\"gsection_title\">\u00c9quipement<\/h3><div class='gsection_description' id='gfield_description_1_5'>Avez-vous appr\u00e9ci\u00e9 les \u00e9l\u00e9ments techniques mis \u00e0 votre disposition (air conditionn\u00e9, vid\u00e9oprojection, Samsung Flip,&#8230;) ?<\/div><\/div><div id=\"field_1_6\" class=\"gfield gfield--width-full gfield_contains_required field_sublabel_below field_description_below gfield_visibility_visible gsurvey-survey-field \"  data-field-class=\"gsurvey-survey-field\"><label class='gfield_label' for='input_1_6' >La temp\u00e9rature de la salle vous convenait-elle ?<span class=\"gfield_required\"><span class=\"gfield_required gfield_required_text\">(N\u00e9cessaire)<\/span><\/span><\/label><div class='ginput_container ginput_container_select'><select name='input_6' id='input_1_6' class='medium gfield_select'    aria-required=\"true\" aria-invalid=\"false\" ><option value='' selected='selected' class='gf_placeholder'>Choisir une r\u00e9ponse<\/option><option value='gsurvey6c8e41e7c' >Bonne temp\u00e9rature<\/option><option value='gsurvey6e6a6f182' >Trop chaud<\/option><option value='gsurvey6324d47a4' >Trop froid<\/option><\/select><\/div><\/div><fieldset id=\"field_1_7\" class=\"gfield gfield--width-full notation-satisfaction gfield_contains_required field_sublabel_below field_description_below gfield_visibility_visible gsurvey-survey-field \"  data-field-class=\"gsurvey-survey-field\"><legend class='gfield_label'  >Comment avez-vous trouv\u00e9 le fonctionnement des installations techniques?<span class=\"gfield_required\"><span class=\"gfield_required gfield_required_text\">(N\u00e9cessaire)<\/span><\/span><\/legend><div class='ginput_container ginput_container_radio'><div class='gfield_radio' id='input_1_7'>\n\t\t\t<div class='gchoice gchoice_1_7_0'>\n\t\t\t\t\t<input class='gfield-choice-input' name='input_7' type='radio' value='gsurvey18269f050'  id='choice_1_7_0' onchange='gformToggleRadioOther( this )'    \/>\n\t\t\t\t\t<label for='choice_1_7_0' id='label_1_7_0'>1<\/label>\n\t\t\t<\/div>\n\t\t\t<div class='gchoice gchoice_1_7_1'>\n\t\t\t\t\t<input class='gfield-choice-input' name='input_7' type='radio' value='gsurvey154a1151e'  id='choice_1_7_1' onchange='gformToggleRadioOther( this )'    \/>\n\t\t\t\t\t<label for='choice_1_7_1' id='label_1_7_1'>2<\/label>\n\t\t\t<\/div>\n\t\t\t<div class='gchoice gchoice_1_7_2'>\n\t\t\t\t\t<input class='gfield-choice-input' name='input_7' type='radio' value='gsurvey1ddabaeef'  id='choice_1_7_2' onchange='gformToggleRadioOther( this )'    \/>\n\t\t\t\t\t<label for='choice_1_7_2' id='label_1_7_2'>3<\/label>\n\t\t\t<\/div>\n\t\t\t<div class='gchoice gchoice_1_7_3'>\n\t\t\t\t\t<input class='gfield-choice-input' name='input_7' type='radio' value='gsurvey1dd385a67'  id='choice_1_7_3' onchange='gformToggleRadioOther( this )'    \/>\n\t\t\t\t\t<label for='choice_1_7_3' id='label_1_7_3'>4<\/label>\n\t\t\t<\/div>\n\t\t\t<div class='gchoice gchoice_1_7_4'>\n\t\t\t\t\t<input class='gfield-choice-input' name='input_7' type='radio' value='gsurvey1e1d0b64c'  id='choice_1_7_4' onchange='gformToggleRadioOther( this )'    \/>\n\t\t\t\t\t<label for='choice_1_7_4' id='label_1_7_4'>5<\/label>\n\t\t\t<\/div>\n\t\t\t<div class='gchoice gchoice_1_7_5'>\n\t\t\t\t\t<input class='gfield-choice-input' name='input_7' type='radio' value='gsurvey1757eeb79'  id='choice_1_7_5' onchange='gformToggleRadioOther( this )'    \/>\n\t\t\t\t\t<label for='choice_1_7_5' id='label_1_7_5'>6<\/label>\n\t\t\t<\/div>\n\t\t\t<div class='gchoice gchoice_1_7_6'>\n\t\t\t\t\t<input class='gfield-choice-input' name='input_7' type='radio' value='gsurvey1ea51e6b8'  id='choice_1_7_6' onchange='gformToggleRadioOther( this )'    \/>\n\t\t\t\t\t<label for='choice_1_7_6' id='label_1_7_6'>7<\/label>\n\t\t\t<\/div>\n\t\t\t<div class='gchoice gchoice_1_7_7'>\n\t\t\t\t\t<input class='gfield-choice-input' name='input_7' type='radio' value='gsurvey1abd51848'  id='choice_1_7_7' onchange='gformToggleRadioOther( this )'    \/>\n\t\t\t\t\t<label for='choice_1_7_7' id='label_1_7_7'>8<\/label>\n\t\t\t<\/div>\n\t\t\t<div class='gchoice gchoice_1_7_8'>\n\t\t\t\t\t<input class='gfield-choice-input' name='input_7' type='radio' value='gsurvey1258bdd70'  id='choice_1_7_8' onchange='gformToggleRadioOther( this )'    \/>\n\t\t\t\t\t<label for='choice_1_7_8' id='label_1_7_8'>9<\/label>\n\t\t\t<\/div>\n\t\t\t<div class='gchoice gchoice_1_7_9'>\n\t\t\t\t\t<input class='gfield-choice-input' name='input_7' type='radio' value='gsurvey1d9dbc919'  id='choice_1_7_9' onchange='gformToggleRadioOther( this )'    \/>\n\t\t\t\t\t<label for='choice_1_7_9' id='label_1_7_9'>10<\/label>\n\t\t\t<\/div><\/div><\/div><\/fieldset><div id=\"field_1_8\" class=\"gfield gfield--width-full field_sublabel_below field_description_below gfield_visibility_visible gsurvey-survey-field \"  data-field-class=\"gsurvey-survey-field\"><label class='gfield_label' for='input_1_8' >Avez-vous des remarques concernant les installations techniques?<\/label><div class='ginput_container ginput_container_text'><input name='input_8' id='input_1_8' type='text' value='' class='medium'  aria-describedby=\"input_1_8_desc\"    aria-invalid=\"false\"   \/> <\/div><\/div><div id=\"field_1_10\" class=\"gfield gsection field_sublabel_below field_description_below gfield_visibility_visible\" ><h3 class=\"gsection_title\">Respect des mesures sanitaires<\/h3><\/div><fieldset id=\"field_1_9\" class=\"gfield gfield--width-full notation-satisfaction gfield_contains_required field_sublabel_below field_description_below gfield_visibility_visible gsurvey-survey-field \"  data-field-class=\"gsurvey-survey-field\"><legend class='gfield_label'  >\u00cates-vous satisfait du protocole sanitaire mis en place \u00e0 L&#039;Acad\u00e9mie by InterContinental\u00ae ?<span class=\"gfield_required\"><span class=\"gfield_required gfield_required_text\">(N\u00e9cessaire)<\/span><\/span><\/legend><div class='ginput_container ginput_container_radio'><div class='gfield_radio' id='input_1_9'>\n\t\t\t<div class='gchoice gchoice_1_9_0'>\n\t\t\t\t\t<input class='gfield-choice-input' name='input_9' type='radio' value='gsurvey18269f050'  id='choice_1_9_0' onchange='gformToggleRadioOther( this )'    \/>\n\t\t\t\t\t<label for='choice_1_9_0' id='label_1_9_0'>1<\/label>\n\t\t\t<\/div>\n\t\t\t<div class='gchoice gchoice_1_9_1'>\n\t\t\t\t\t<input class='gfield-choice-input' name='input_9' type='radio' value='gsurvey154a1151e'  id='choice_1_9_1' onchange='gformToggleRadioOther( this )'    \/>\n\t\t\t\t\t<label for='choice_1_9_1' id='label_1_9_1'>2<\/label>\n\t\t\t<\/div>\n\t\t\t<div class='gchoice gchoice_1_9_2'>\n\t\t\t\t\t<input class='gfield-choice-input' name='input_9' type='radio' value='gsurvey1ddabaeef'  id='choice_1_9_2' onchange='gformToggleRadioOther( this )'    \/>\n\t\t\t\t\t<label for='choice_1_9_2' id='label_1_9_2'>3<\/label>\n\t\t\t<\/div>\n\t\t\t<div class='gchoice gchoice_1_9_3'>\n\t\t\t\t\t<input class='gfield-choice-input' name='input_9' type='radio' value='gsurvey1dd385a67'  id='choice_1_9_3' onchange='gformToggleRadioOther( this )'    \/>\n\t\t\t\t\t<label for='choice_1_9_3' id='label_1_9_3'>4<\/label>\n\t\t\t<\/div>\n\t\t\t<div class='gchoice gchoice_1_9_4'>\n\t\t\t\t\t<input class='gfield-choice-input' name='input_9' type='radio' value='gsurvey1e1d0b64c'  id='choice_1_9_4' onchange='gformToggleRadioOther( this )'    \/>\n\t\t\t\t\t<label for='choice_1_9_4' id='label_1_9_4'>5<\/label>\n\t\t\t<\/div>\n\t\t\t<div class='gchoice gchoice_1_9_5'>\n\t\t\t\t\t<input class='gfield-choice-input' name='input_9' type='radio' value='gsurvey1757eeb79'  id='choice_1_9_5' onchange='gformToggleRadioOther( this )'    \/>\n\t\t\t\t\t<label for='choice_1_9_5' id='label_1_9_5'>6<\/label>\n\t\t\t<\/div>\n\t\t\t<div class='gchoice gchoice_1_9_6'>\n\t\t\t\t\t<input class='gfield-choice-input' name='input_9' type='radio' value='gsurvey1ea51e6b8'  id='choice_1_9_6' onchange='gformToggleRadioOther( this )'    \/>\n\t\t\t\t\t<label for='choice_1_9_6' id='label_1_9_6'>7<\/label>\n\t\t\t<\/div>\n\t\t\t<div class='gchoice gchoice_1_9_7'>\n\t\t\t\t\t<input class='gfield-choice-input' name='input_9' type='radio' value='gsurvey1abd51848'  id='choice_1_9_7' onchange='gformToggleRadioOther( this )'    \/>\n\t\t\t\t\t<label for='choice_1_9_7' id='label_1_9_7'>8<\/label>\n\t\t\t<\/div>\n\t\t\t<div class='gchoice gchoice_1_9_8'>\n\t\t\t\t\t<input class='gfield-choice-input' name='input_9' type='radio' value='gsurvey1258bdd70'  id='choice_1_9_8' onchange='gformToggleRadioOther( this )'    \/>\n\t\t\t\t\t<label for='choice_1_9_8' id='label_1_9_8'>9<\/label>\n\t\t\t<\/div>\n\t\t\t<div class='gchoice gchoice_1_9_9'>\n\t\t\t\t\t<input class='gfield-choice-input' name='input_9' type='radio' value='gsurvey1d9dbc919'  id='choice_1_9_9' onchange='gformToggleRadioOther( this )'    \/>\n\t\t\t\t\t<label for='choice_1_9_9' id='label_1_9_9'>10<\/label>\n\t\t\t<\/div><\/div><\/div><\/fieldset><div id=\"field_1_11\" class=\"gfield gsection field_sublabel_below field_description_below gfield_visibility_visible\" ><h3 class=\"gsection_title\">Votre identit\u00e9<\/h3><\/div><fieldset id=\"field_1_12\" class=\"gfield gfield--width-full gfield_contains_required field_sublabel_below field_description_below gfield_visibility_visible\" ><legend class='gfield_label'  >Civilit\u00e9<span class=\"gfield_required\"><span class=\"gfield_required gfield_required_text\">(N\u00e9cessaire)<\/span><\/span><\/legend><div class='ginput_container ginput_container_radio'><div class='gfield_radio' id='input_1_12'>\n\t\t\t<div class='gchoice gchoice_1_12_0'>\n\t\t\t\t\t<input class='gfield-choice-input' name='input_12' type='radio' value='Madame'  id='choice_1_12_0' onchange='gformToggleRadioOther( this )'    \/>\n\t\t\t\t\t<label for='choice_1_12_0' id='label_1_12_0'>Madame<\/label>\n\t\t\t<\/div>\n\t\t\t<div class='gchoice gchoice_1_12_1'>\n\t\t\t\t\t<input class='gfield-choice-input' name='input_12' type='radio' value='Monsieur'  id='choice_1_12_1' onchange='gformToggleRadioOther( this )'    \/>\n\t\t\t\t\t<label for='choice_1_12_1' id='label_1_12_1'>Monsieur<\/label>\n\t\t\t<\/div><\/div><\/div><\/fieldset><div id=\"field_1_13\" class=\"gfield gfield--width-full gfield_contains_required field_sublabel_below field_description_below gfield_visibility_visible\" ><label class='gfield_label' for='input_1_13' >Nom<span class=\"gfield_required\"><span class=\"gfield_required gfield_required_text\">(N\u00e9cessaire)<\/span><\/span><\/label><div class='ginput_container ginput_container_text'><input name='input_13' id='input_1_13' type='text' value='' class='medium'     aria-required=\"true\" aria-invalid=\"false\"   \/> <\/div><\/div><div id=\"field_1_14\" class=\"gfield gfield--width-full gfield_contains_required field_sublabel_below field_description_below gfield_visibility_visible\" ><label class='gfield_label' for='input_1_14' >Pr\u00e9nom<span class=\"gfield_required\"><span class=\"gfield_required gfield_required_text\">(N\u00e9cessaire)<\/span><\/span><\/label><div class='ginput_container ginput_container_text'><input name='input_14' id='input_1_14' type='text' value='' class='medium'     aria-required=\"true\" aria-invalid=\"false\"   \/> <\/div><\/div><div id=\"field_1_15\" class=\"gfield gfield--width-full gfield_contains_required field_sublabel_below field_description_below gfield_visibility_visible\" ><label class='gfield_label' for='input_1_15' >E-mail<span class=\"gfield_required\"><span class=\"gfield_required gfield_required_text\">(N\u00e9cessaire)<\/span><\/span><\/label><div class='ginput_container ginput_container_email'>\n                            <input name='input_15' id='input_1_15' type='email' value='' class='medium'    aria-required=\"true\" aria-invalid=\"false\"  \/>\n                        <\/div><\/div><div id=\"field_1_16\" class=\"gfield gfield--width-full field_sublabel_below field_description_below gfield_visibility_visible\" ><label class='gfield_label' for='input_1_16' >T\u00e9l\u00e9phone<\/label><div class='ginput_container ginput_container_phone'><input name='input_16' id='input_1_16' type='tel' value='' class='medium'    aria-invalid=\"false\"   \/><\/div><\/div><\/div><\/div>\n        <div class='gform_footer top_label'> <input type='submit' id='gform_submit_button_1' class='gform_button button' value='Envoyer'  onclick='if(window[\"gf_submitting_1\"]){return false;}  if( !jQuery(\"#gform_1\")[0].checkValidity || jQuery(\"#gform_1\")[0].checkValidity()){window[\"gf_submitting_1\"]=true;}  ' onkeypress='if( event.keyCode == 13 ){ if(window[\"gf_submitting_1\"]){return false;} if( !jQuery(\"#gform_1\")[0].checkValidity || jQuery(\"#gform_1\")[0].checkValidity()){window[\"gf_submitting_1\"]=true;}  jQuery(\"#gform_1\").trigger(\"submit\",[true]); }' \/> \n            <input type='hidden' class='gform_hidden' name='is_submit_1' value='1' \/>\n            <input type='hidden' class='gform_hidden' name='gform_submit' value='1' \/>\n            \n            <input type='hidden' class='gform_hidden' name='gform_unique_id' value='' \/>\n            <input type='hidden' class='gform_hidden' name='state_1' value='WyJbXSIsIjhkYjU3YTAxZTIxMTcwNmZkYzQ1YWE4NDIwOTE2NzA4Il0=' \/>\n            <input type='hidden' class='gform_hidden' name='gform_target_page_number_1' id='gform_target_page_number_1' value='0' \/>\n            <input type='hidden' class='gform_hidden' name='gform_source_page_number_1' id='gform_source_page_number_1' value='1' \/>\n            <input type='hidden' name='gform_field_values' value='' \/>\n            \n        <\/div>\n                        <p style=\"display: none !important;\"><label>&#916;<textarea name=\"ak_hp_textarea\" cols=\"45\" rows=\"8\" maxlength=\"100\"><\/textarea><\/label><input type=\"hidden\" id=\"ak_js_1\" name=\"ak_js\" value=\"167\"\/><script>document.getElementById( \"ak_js_1\" ).setAttribute( \"value\", ( new Date() ).getTime() );<\/script><\/p><\/form>\n                        <\/div>","protected":false},"excerpt":{"rendered":"","protected":false},"author":1,"featured_media":102,"parent":0,"menu_order":0,"comment_status":"closed","ping_status":"closed","template":"","meta":{"footnotes":""},"_links":{"self":[{"href":"https:\/\/lyon-academie.com\/salon-5\/wp-json\/wp\/v2\/pages\/99"}],"collection":[{"href":"https:\/\/lyon-academie.com\/salon-5\/wp-json\/wp\/v2\/pages"}],"about":[{"href":"https:\/\/lyon-academie.com\/salon-5\/wp-json\/wp\/v2\/types\/page"}],"author":[{"embeddable":true,"href":"https:\/\/lyon-academie.com\/salon-5\/wp-json\/wp\/v2\/users\/1"}],"replies":[{"embeddable":true,"href":"https:\/\/lyon-academie.com\/salon-5\/wp-json\/wp\/v2\/comments?post=99"}],"version-history":[{"count":0,"href":"https:\/\/lyon-academie.com\/salon-5\/wp-json\/wp\/v2\/pages\/99\/revisions"}],"wp:featuredmedia":[{"embeddable":true,"href":"https:\/\/lyon-academie.com\/salon-5\/wp-json\/"}],"wp:attachment":[{"href":"https:\/\/lyon-academie.com\/salon-5\/wp-json\/wp\/v2\/media?parent=99"}],"curies":[{"name":"wp","href":"https:\/\/api.w.org\/{rel}","templated":true}]}}